{"id":10539,"date":"2023-11-23T11:00:13","date_gmt":"2023-11-23T08:00:13","guid":{"rendered":"https:\/\/demiderm.com\/izmir-optimum-outlet\/"},"modified":"2024-02-27T15:59:52","modified_gmt":"2024-02-27T12:59:52","slug":"izmir-optimum-outlet","status":"publish","type":"page","link":"https:\/\/demiderm.com\/de\/izmir-optimum-outlet\/","title":{"rendered":"Izmir Optimum Outlet"},"content":{"rendered":"","protected":false},"excerpt":{"rendered":"","protected":false},"author":1,"featured_media":0,"parent":0,"menu_order":0,"comment_status":"closed","ping_status":"closed","template":"","meta":{"footnotes":""},"class_list":["post-10539","page","type-page","status-publish","hentry"],"yoast_head":"<!-- This site is optimized with the Yoast SEO plugin v21.5 - https:\/\/yoast.com\/wordpress\/plugins\/seo\/ -->\n<title>Izmir Optimum Outlet - Demiderm<\/title>\n<meta name=\"description\" content=\"Izmir Optimum Outlet ist das Zentrum f\u00fcr erschwingliche Eink\u00e4ufe f\u00fcr Touristen. Hier k\u00f6nnen Sie in verschiedenen...\" \/>\n<meta name=\"robots\" content=\"index, follow, max-snippet:-1, max-image-preview:large, max-video-preview:-1\" \/>\n<link rel=\"canonical\" href=\"https:\/\/demiderm.com\/de\/izmir-optimum-outlet\/\" \/>\n<meta property=\"og:locale\" content=\"de_DE\" \/>\n<meta property=\"og:type\" content=\"article\" \/>\n<meta property=\"og:title\" content=\"Izmir Optimum Outlet - Demiderm\" \/>\n<meta property=\"og:description\" content=\"Izmir Optimum Outlet ist das Zentrum f\u00fcr erschwingliche Eink\u00e4ufe f\u00fcr Touristen. Hier k\u00f6nnen Sie in verschiedenen...\" \/>\n<meta property=\"og:url\" content=\"https:\/\/demiderm.com\/de\/izmir-optimum-outlet\/\" \/>\n<meta property=\"og:site_name\" content=\"Demiderm\" \/>\n<meta property=\"article:modified_time\" content=\"2024-02-27T12:59:52+00:00\" \/>\n<meta name=\"twitter:card\" content=\"summary_large_image\" \/>\n<script type=\"application\/ld+json\" class=\"yoast-schema-graph\">{\"@context\":\"https:\/\/schema.org\",\"@graph\":[{\"@type\":\"WebPage\",\"@id\":\"https:\/\/demiderm.com\/de\/izmir-optimum-outlet\/\",\"url\":\"https:\/\/demiderm.com\/de\/izmir-optimum-outlet\/\",\"name\":\"Izmir Optimum Outlet - Demiderm\",\"isPartOf\":{\"@id\":\"https:\/\/demiderm.com\/#website\"},\"datePublished\":\"2023-11-23T08:00:13+00:00\",\"dateModified\":\"2024-02-27T12:59:52+00:00\",\"description\":\"Izmir Optimum Outlet ist das Zentrum f\u00fcr erschwingliche Eink\u00e4ufe f\u00fcr Touristen. Hier k\u00f6nnen Sie in verschiedenen...\",\"breadcrumb\":{\"@id\":\"https:\/\/demiderm.com\/de\/izmir-optimum-outlet\/#breadcrumb\"},\"inLanguage\":\"de\",\"potentialAction\":[{\"@type\":\"ReadAction\",\"target\":[\"https:\/\/demiderm.com\/de\/izmir-optimum-outlet\/\"]}]},{\"@type\":\"BreadcrumbList\",\"@id\":\"https:\/\/demiderm.com\/de\/izmir-optimum-outlet\/#breadcrumb\",\"itemListElement\":[{\"@type\":\"ListItem\",\"position\":1,\"name\":\"Anasayfa\",\"item\":\"https:\/\/demiderm.com\/de\/hauptseite\/\"},{\"@type\":\"ListItem\",\"position\":2,\"name\":\"Izmir Optimum Outlet\"}]},{\"@type\":\"WebSite\",\"@id\":\"https:\/\/demiderm.com\/#website\",\"url\":\"https:\/\/demiderm.com\/\",\"name\":\"Demiderm\",\"description\":\"\",\"potentialAction\":[{\"@type\":\"SearchAction\",\"target\":{\"@type\":\"EntryPoint\",\"urlTemplate\":\"https:\/\/demiderm.com\/?s={search_term_string}\"},\"query-input\":\"required name=search_term_string\"}],\"inLanguage\":\"de\"}]}<\/script>\n<!-- \/ Yoast SEO plugin. -->","yoast_head_json":{"title":"Izmir Optimum Outlet - Demiderm","description":"Izmir Optimum Outlet ist das Zentrum f\u00fcr erschwingliche Eink\u00e4ufe f\u00fcr Touristen. Hier k\u00f6nnen Sie in verschiedenen...","robots":{"index":"index","follow":"follow","max-snippet":"max-snippet:-1","max-image-preview":"max-image-preview:large","max-video-preview":"max-video-preview:-1"},"canonical":"https:\/\/demiderm.com\/de\/izmir-optimum-outlet\/","og_locale":"de_DE","og_type":"article","og_title":"Izmir Optimum Outlet - Demiderm","og_description":"Izmir Optimum Outlet ist das Zentrum f\u00fcr erschwingliche Eink\u00e4ufe f\u00fcr Touristen. Hier k\u00f6nnen Sie in verschiedenen...","og_url":"https:\/\/demiderm.com\/de\/izmir-optimum-outlet\/","og_site_name":"Demiderm","article_modified_time":"2024-02-27T12:59:52+00:00","twitter_card":"summary_large_image","schema":{"@context":"https:\/\/schema.org","@graph":[{"@type":"WebPage","@id":"https:\/\/demiderm.com\/de\/izmir-optimum-outlet\/","url":"https:\/\/demiderm.com\/de\/izmir-optimum-outlet\/","name":"Izmir Optimum Outlet - Demiderm","isPartOf":{"@id":"https:\/\/demiderm.com\/#website"},"datePublished":"2023-11-23T08:00:13+00:00","dateModified":"2024-02-27T12:59:52+00:00","description":"Izmir Optimum Outlet ist das Zentrum f\u00fcr erschwingliche Eink\u00e4ufe f\u00fcr Touristen. Hier k\u00f6nnen Sie in verschiedenen...","breadcrumb":{"@id":"https:\/\/demiderm.com\/de\/izmir-optimum-outlet\/#breadcrumb"},"inLanguage":"de","potentialAction":[{"@type":"ReadAction","target":["https:\/\/demiderm.com\/de\/izmir-optimum-outlet\/"]}]},{"@type":"BreadcrumbList","@id":"https:\/\/demiderm.com\/de\/izmir-optimum-outlet\/#breadcrumb","itemListElement":[{"@type":"ListItem","position":1,"name":"Anasayfa","item":"https:\/\/demiderm.com\/de\/hauptseite\/"},{"@type":"ListItem","position":2,"name":"Izmir Optimum Outlet"}]},{"@type":"WebSite","@id":"https:\/\/demiderm.com\/#website","url":"https:\/\/demiderm.com\/","name":"Demiderm","description":"","potentialAction":[{"@type":"SearchAction","target":{"@type":"EntryPoint","urlTemplate":"https:\/\/demiderm.com\/?s={search_term_string}"},"query-input":"required name=search_term_string"}],"inLanguage":"de"}]}},"_links":{"self":[{"href":"https:\/\/demiderm.com\/de\/wp-json\/wp\/v2\/pages\/10539","targetHints":{"allow":["GET"]}}],"collection":[{"href":"https:\/\/demiderm.com\/de\/wp-json\/wp\/v2\/pages"}],"about":[{"href":"https:\/\/demiderm.com\/de\/wp-json\/wp\/v2\/types\/page"}],"author":[{"embeddable":true,"href":"https:\/\/demiderm.com\/de\/wp-json\/wp\/v2\/users\/1"}],"replies":[{"embeddable":true,"href":"https:\/\/demiderm.com\/de\/wp-json\/wp\/v2\/comments?post=10539"}],"version-history":[{"count":5,"href":"https:\/\/demiderm.com\/de\/wp-json\/wp\/v2\/pages\/10539\/revisions"}],"predecessor-version":[{"id":13187,"href":"https:\/\/demiderm.com\/de\/wp-json\/wp\/v2\/pages\/10539\/revisions\/13187"}],"wp:attachment":[{"href":"https:\/\/demiderm.com\/de\/wp-json\/wp\/v2\/media?parent=10539"}],"curies":[{"name":"wp","href":"https:\/\/api.w.org\/{rel}","templated":true}]}}