{"id":10782,"date":"2019-12-13T08:35:33","date_gmt":"2019-12-13T05:35:33","guid":{"rendered":"https:\/\/demiderm.com\/hizmetlerimiz\/"},"modified":"2024-02-12T15:36:36","modified_gmt":"2024-02-12T12:36:36","slug":"unsere-dienstleistungen","status":"publish","type":"page","link":"https:\/\/demiderm.com\/de\/unsere-dienstleistungen\/","title":{"rendered":"Unsere Dienstleistungen"},"content":{"rendered":"","protected":false},"excerpt":{"rendered":"","protected":false},"author":1,"featured_media":0,"parent":0,"menu_order":0,"comment_status":"closed","ping_status":"closed","template":"","meta":{"footnotes":""},"class_list":["post-10782","page","type-page","status-publish","hentry"],"yoast_head":"<!-- This site is optimized with the Yoast SEO plugin v21.5 - https:\/\/yoast.com\/wordpress\/plugins\/seo\/ -->\n<title>Unsere Dienstleistungen - Demiderm<\/title>\n<meta name=\"description\" content=\"Die Poliklinik f\u00fcr Haartransplantation Demiderm ist eine f\u00fchrende und zuverl\u00e4ssige Gesundheitseinrichtung auf dem Gebiet der...\" \/>\n<meta name=\"robots\" content=\"index, follow, max-snippet:-1, max-image-preview:large, max-video-preview:-1\" \/>\n<link rel=\"canonical\" href=\"https:\/\/demiderm.com\/de\/unsere-dienstleistungen\/\" \/>\n<meta property=\"og:locale\" content=\"de_DE\" \/>\n<meta property=\"og:type\" content=\"article\" \/>\n<meta property=\"og:title\" content=\"Unsere Dienstleistungen - Demiderm\" \/>\n<meta property=\"og:description\" content=\"Die Poliklinik f\u00fcr Haartransplantation Demiderm ist eine f\u00fchrende und zuverl\u00e4ssige Gesundheitseinrichtung auf dem Gebiet der...\" \/>\n<meta property=\"og:url\" content=\"https:\/\/demiderm.com\/de\/unsere-dienstleistungen\/\" \/>\n<meta property=\"og:site_name\" content=\"Demiderm\" \/>\n<meta property=\"article:modified_time\" content=\"2024-02-12T12:36:36+00:00\" \/>\n<meta name=\"twitter:card\" content=\"summary_large_image\" \/>\n<script type=\"application\/ld+json\" class=\"yoast-schema-graph\">{\"@context\":\"https:\/\/schema.org\",\"@graph\":[{\"@type\":\"WebPage\",\"@id\":\"https:\/\/demiderm.com\/de\/unsere-dienstleistungen\/\",\"url\":\"https:\/\/demiderm.com\/de\/unsere-dienstleistungen\/\",\"name\":\"Unsere Dienstleistungen - Demiderm\",\"isPartOf\":{\"@id\":\"https:\/\/demiderm.com\/#website\"},\"datePublished\":\"2019-12-13T05:35:33+00:00\",\"dateModified\":\"2024-02-12T12:36:36+00:00\",\"description\":\"Die Poliklinik f\u00fcr Haartransplantation Demiderm ist eine f\u00fchrende und zuverl\u00e4ssige Gesundheitseinrichtung auf dem Gebiet der...\",\"breadcrumb\":{\"@id\":\"https:\/\/demiderm.com\/de\/unsere-dienstleistungen\/#breadcrumb\"},\"inLanguage\":\"de\",\"potentialAction\":[{\"@type\":\"ReadAction\",\"target\":[\"https:\/\/demiderm.com\/de\/unsere-dienstleistungen\/\"]}]},{\"@type\":\"BreadcrumbList\",\"@id\":\"https:\/\/demiderm.com\/de\/unsere-dienstleistungen\/#breadcrumb\",\"itemListElement\":[{\"@type\":\"ListItem\",\"position\":1,\"name\":\"Anasayfa\",\"item\":\"https:\/\/demiderm.com\/de\/hauptseite\/\"},{\"@type\":\"ListItem\",\"position\":2,\"name\":\"Unsere Dienstleistungen\"}]},{\"@type\":\"WebSite\",\"@id\":\"https:\/\/demiderm.com\/#website\",\"url\":\"https:\/\/demiderm.com\/\",\"name\":\"Demiderm\",\"description\":\"\",\"potentialAction\":[{\"@type\":\"SearchAction\",\"target\":{\"@type\":\"EntryPoint\",\"urlTemplate\":\"https:\/\/demiderm.com\/?s={search_term_string}\"},\"query-input\":\"required name=search_term_string\"}],\"inLanguage\":\"de\"}]}<\/script>\n<!-- \/ Yoast SEO plugin. -->","yoast_head_json":{"title":"Unsere Dienstleistungen - Demiderm","description":"Die Poliklinik f\u00fcr Haartransplantation Demiderm ist eine f\u00fchrende und zuverl\u00e4ssige Gesundheitseinrichtung auf dem Gebiet der...","robots":{"index":"index","follow":"follow","max-snippet":"max-snippet:-1","max-image-preview":"max-image-preview:large","max-video-preview":"max-video-preview:-1"},"canonical":"https:\/\/demiderm.com\/de\/unsere-dienstleistungen\/","og_locale":"de_DE","og_type":"article","og_title":"Unsere Dienstleistungen - Demiderm","og_description":"Die Poliklinik f\u00fcr Haartransplantation Demiderm ist eine f\u00fchrende und zuverl\u00e4ssige Gesundheitseinrichtung auf dem Gebiet der...","og_url":"https:\/\/demiderm.com\/de\/unsere-dienstleistungen\/","og_site_name":"Demiderm","article_modified_time":"2024-02-12T12:36:36+00:00","twitter_card":"summary_large_image","schema":{"@context":"https:\/\/schema.org","@graph":[{"@type":"WebPage","@id":"https:\/\/demiderm.com\/de\/unsere-dienstleistungen\/","url":"https:\/\/demiderm.com\/de\/unsere-dienstleistungen\/","name":"Unsere Dienstleistungen - Demiderm","isPartOf":{"@id":"https:\/\/demiderm.com\/#website"},"datePublished":"2019-12-13T05:35:33+00:00","dateModified":"2024-02-12T12:36:36+00:00","description":"Die Poliklinik f\u00fcr Haartransplantation Demiderm ist eine f\u00fchrende und zuverl\u00e4ssige Gesundheitseinrichtung auf dem Gebiet der...","breadcrumb":{"@id":"https:\/\/demiderm.com\/de\/unsere-dienstleistungen\/#breadcrumb"},"inLanguage":"de","potentialAction":[{"@type":"ReadAction","target":["https:\/\/demiderm.com\/de\/unsere-dienstleistungen\/"]}]},{"@type":"BreadcrumbList","@id":"https:\/\/demiderm.com\/de\/unsere-dienstleistungen\/#breadcrumb","itemListElement":[{"@type":"ListItem","position":1,"name":"Anasayfa","item":"https:\/\/demiderm.com\/de\/hauptseite\/"},{"@type":"ListItem","position":2,"name":"Unsere Dienstleistungen"}]},{"@type":"WebSite","@id":"https:\/\/demiderm.com\/#website","url":"https:\/\/demiderm.com\/","name":"Demiderm","description":"","potentialAction":[{"@type":"SearchAction","target":{"@type":"EntryPoint","urlTemplate":"https:\/\/demiderm.com\/?s={search_term_string}"},"query-input":"required name=search_term_string"}],"inLanguage":"de"}]}},"_links":{"self":[{"href":"https:\/\/demiderm.com\/de\/wp-json\/wp\/v2\/pages\/10782","targetHints":{"allow":["GET"]}}],"collection":[{"href":"https:\/\/demiderm.com\/de\/wp-json\/wp\/v2\/pages"}],"about":[{"href":"https:\/\/demiderm.com\/de\/wp-json\/wp\/v2\/types\/page"}],"author":[{"embeddable":true,"href":"https:\/\/demiderm.com\/de\/wp-json\/wp\/v2\/users\/1"}],"replies":[{"embeddable":true,"href":"https:\/\/demiderm.com\/de\/wp-json\/wp\/v2\/comments?post=10782"}],"version-history":[{"count":5,"href":"https:\/\/demiderm.com\/de\/wp-json\/wp\/v2\/pages\/10782\/revisions"}],"predecessor-version":[{"id":12947,"href":"https:\/\/demiderm.com\/de\/wp-json\/wp\/v2\/pages\/10782\/revisions\/12947"}],"wp:attachment":[{"href":"https:\/\/demiderm.com\/de\/wp-json\/wp\/v2\/media?parent=10782"}],"curies":[{"name":"wp","href":"https:\/\/api.w.org\/{rel}","templated":true}]}}